{"id":413,"date":"2025-02-28T13:55:33","date_gmt":"2025-02-28T12:55:33","guid":{"rendered":"https:\/\/mariedebudt.com\/?page_id=413"},"modified":"2026-01-25T18:47:16","modified_gmt":"2026-01-25T17:47:16","slug":"les-massages-energetiques","status":"publish","type":"page","link":"https:\/\/mariedebudt.com\/?page_id=413","title":{"rendered":"Les Massages \u00c9nerg\u00e9tiques"},"content":{"rendered":"\n<h4 class=\"wp-block-heading\">selon les principes de la M\u00e9decine Traditionnelle Chinoise (MTC)<\/h4>\n\n\n\n<figure class=\"wp-block-image size-large\"><img loading=\"lazy\" decoding=\"async\" width=\"1024\" height=\"683\" src=\"https:\/\/mariedebudt.com\/wp-content\/uploads\/2025\/02\/comment-faire-un-bon-massage-2-2048x1365-1-1024x683.jpg\" alt=\"\" class=\"wp-image-419\" srcset=\"https:\/\/mariedebudt.com\/wp-content\/uploads\/2025\/02\/comment-faire-un-bon-massage-2-2048x1365-1-1024x683.jpg 1024w, https:\/\/mariedebudt.com\/wp-content\/uploads\/2025\/02\/comment-faire-un-bon-massage-2-2048x1365-1-300x200.jpg 300w, https:\/\/mariedebudt.com\/wp-content\/uploads\/2025\/02\/comment-faire-un-bon-massage-2-2048x1365-1-768x512.jpg 768w, https:\/\/mariedebudt.com\/wp-content\/uploads\/2025\/02\/comment-faire-un-bon-massage-2-2048x1365-1-1536x1024.jpg 1536w, https:\/\/mariedebudt.com\/wp-content\/uploads\/2025\/02\/comment-faire-un-bon-massage-2-2048x1365-1-90x60.jpg 90w, https:\/\/mariedebudt.com\/wp-content\/uploads\/2025\/02\/comment-faire-un-bon-massage-2-2048x1365-1-370x247.jpg 370w, https:\/\/mariedebudt.com\/wp-content\/uploads\/2025\/02\/comment-faire-un-bon-massage-2-2048x1365-1-776x517.jpg 776w, https:\/\/mariedebudt.com\/wp-content\/uploads\/2025\/02\/comment-faire-un-bon-massage-2-2048x1365-1.jpg 2048w\" sizes=\"auto, (max-width: 1024px) 100vw, 1024px\" \/><\/figure>\n\n\n\n<p>Il me tenait \u00e0 c\u0153ur de pouvoir vous accompagner tout au long de l&rsquo;ann\u00e9e sans pour autant \u00eatre toujours en train d&rsquo;aller explorer les \u00e9motions, les traumatismes.<\/p>\n\n\n\n<p>Je voulais pouvoir vous accompagner efficacement et tout en douceur par un autre biais. C&rsquo;est pourquoi le massage \u00e9nerg\u00e9tique est venu \u00e0 moi comme une \u00e9vidence. Je me suis donc form\u00e9e aupr\u00e8s de l&rsquo;organisme Fleur d&rsquo;Oc\u00e9an 2.0 pour la qualit\u00e9 de son approche et sa connaissance approfondie des concepts de la M\u00e9decine Traditionnelle Chinoise.<\/p>\n\n\n\n<p>Il offre une grande compl\u00e9mentarit\u00e9 \u00e0 ma pratique de kin\u00e9siologue puisque les mouvements de chaque massage prennent leur source dans les m\u00eames principes fondamentaux , \u00e0 savoir ceux de la M\u00e9decine Traditionnelle Chinoise.<\/p>\n\n\n\n<p>Dans la philosophie m\u00e9dicale orientale, l&rsquo;Univers est compos\u00e9 d&rsquo;\u00e9nergie, du mouvement perp\u00e9tuel entre le YIN (\u00e9nergie du f\u00e9minin) et le YANG (\u00e9nergie du masculin). Ces deux principes sont dynamiques et interd\u00e9pendants, formant une unit\u00e9. Les cinq \u00e9tapes de transformation engendr\u00e9es par l&rsquo;alternance Yin-Yang se retrouvent dans les modes d&rsquo;expression de la nature. Et tous nos processus physiques, nos pens\u00e9es, nos \u00e9motions sont des expressions de cette relation Yin-Yang, de ces cinq mouvements symbolis\u00e9s par les cinq \u00e9l\u00e9ments. <\/p>\n\n\n\n<p>Et chaque \u00e9l\u00e9ment (BOIS &#8211; FEU &#8211; TERRE &#8211; METAL &#8211; EAU) est associ\u00e9 \u00e0 une saison.<\/p>\n\n\n\n<p>Chaque saison est associ\u00e9e \u00e0 deux m\u00e9ridiens (ces canaux \u00e9nerg\u00e9tiques permettant la circulation de l&rsquo;\u00e9nergie vitale).<\/p>\n\n\n\n<p><\/p>\n\n\n\n<h2 class=\"wp-block-heading\">Les Massages Energ\u00e9tiques, \u00e9l\u00e9ment par \u00e9l\u00e9ment :<\/h2>\n\n\n\n<figure class=\"wp-block-image size-full is-resized\"><img loading=\"lazy\" decoding=\"async\" width=\"755\" height=\"755\" src=\"https:\/\/mariedebudt.com\/wp-content\/uploads\/2025\/02\/terre.png\" alt=\"\" class=\"wp-image-420\" style=\"width:207px;height:auto\" srcset=\"https:\/\/mariedebudt.com\/wp-content\/uploads\/2025\/02\/terre.png 755w, https:\/\/mariedebudt.com\/wp-content\/uploads\/2025\/02\/terre-300x300.png 300w, https:\/\/mariedebudt.com\/wp-content\/uploads\/2025\/02\/terre-150x150.png 150w, https:\/\/mariedebudt.com\/wp-content\/uploads\/2025\/02\/terre-60x60.png 60w\" sizes=\"auto, (max-width: 755px) 100vw, 755px\" \/><\/figure>\n\n\n\n<h3 class=\"wp-block-heading has-text-align-left\">Le Massage Terre : la Transformation<\/h3>\n\n\n\n<p>En MTC, la <strong>Terre<\/strong> se distingue des autres \u00e9l\u00e9ments, elle est envisag\u00e9e comme une p\u00e9riode inter-saisonni\u00e8re qui s&rsquo;exprime quatre fois par an : entre l&rsquo;hiver et le printemps, le printemps et l&rsquo;\u00e9t\u00e9, l&rsquo;\u00e9t\u00e9 et l&rsquo;automne et entre l&rsquo;automne et l&rsquo;hiver.<\/p>\n\n\n\n<p>Le <strong>m\u00e9ridien<\/strong> <strong>estomac<\/strong> nous invite \u00e0 stimuler une image et une reconnaissance de soi positives, sans jugement.<\/p>\n\n\n\n<p>Le <strong>m\u00e9ridien rate pancr\u00e9as<\/strong> est li\u00e9 aux questions de douceur dans notre vie. Il calme et apaise notre vie, tout en jouant un r\u00f4le important dans le maintien de l&rsquo;\u00e9quilibre \u00e9motionnel. Il assure \u00e9galement un \u00e9quilibre interne : si tout est en harmonie \u00e0 l&rsquo;int\u00e9rieur de nous, cela se refl\u00e9tera \u00e0 l&rsquo;ext\u00e9rieur.<\/p>\n\n\n\n<p>Le massage Terre est donc un moment tout en<strong> douceur<\/strong> qui nous invite \u00e0 une <strong>profonde d\u00e9tente<\/strong>. En permettant au corps de lib\u00e9rer l&rsquo;ancien, il cr\u00e9e de la place pour accueillir le nouveau en soi.<\/p>\n\n\n\n<h4 class=\"wp-block-heading\">Les mots clefs de ce massage TERRE<\/h4>\n\n\n\n<ul class=\"wp-block-list\">\n<li>d\u00e9toxination du corps<\/li>\n\n\n\n<li>anti stress en profondeur<\/li>\n\n\n\n<li>lutte contre la fatigue physique et \u00e9motionnelle<\/li>\n\n\n\n<li>drainage adipeux<\/li>\n<\/ul>\n\n\n\n<p><\/p>\n\n\n\n<div class=\"wp-block-columns is-not-stacked-on-mobile is-layout-flex wp-container-core-columns-is-layout-9d6595d7 wp-block-columns-is-layout-flex\">\n<div class=\"wp-block-column is-layout-flow wp-block-column-is-layout-flow\" style=\"flex-basis:100%\"><div class=\"wp-block-image is-resized\">\n<figure class=\"alignleft size-full\"><img loading=\"lazy\" decoding=\"async\" width=\"755\" height=\"755\" src=\"https:\/\/mariedebudt.com\/wp-content\/uploads\/2025\/09\/fleur-docean-icones-feu-texte_RVB1.jpg\" alt=\"\" class=\"wp-image-429\" style=\"width:219px;height:auto\" srcset=\"https:\/\/mariedebudt.com\/wp-content\/uploads\/2025\/09\/fleur-docean-icones-feu-texte_RVB1.jpg 755w, https:\/\/mariedebudt.com\/wp-content\/uploads\/2025\/09\/fleur-docean-icones-feu-texte_RVB1-300x300.jpg 300w, https:\/\/mariedebudt.com\/wp-content\/uploads\/2025\/09\/fleur-docean-icones-feu-texte_RVB1-150x150.jpg 150w, https:\/\/mariedebudt.com\/wp-content\/uploads\/2025\/09\/fleur-docean-icones-feu-texte_RVB1-60x60.jpg 60w\" sizes=\"auto, (max-width: 755px) 100vw, 755px\" \/><\/figure>\n<\/div>\n\n\n<p><\/p>\n\n\n\n<p><\/p>\n<\/div>\n<\/div>\n\n\n\n<h3 class=\"wp-block-heading has-text-align-left\">Le Massage Feu : l&rsquo;Ext\u00e9riorisation<\/h3>\n\n\n\n<p>En MTC, le <strong>Feu<\/strong> est le symbole de notre \u00ab\u00a0Soleil Int\u00e9rieur\u00a0\u00bbet est rattach\u00e9 \u00e0 l&rsquo;\u00e9t\u00e9. Il est l&rsquo;essence m\u00eame de notre Amour et de notre Compassion. Lorsque cet \u00e9l\u00e9ment est \u00e9quilibr\u00e9, nous sommes enclins \u00e0 la communication, \u00e0 l&rsquo;harmonie dans nos relations \u00e0 l&rsquo;autre, nous \u00e9prouvons de la Joie \u00e0 faire les choses.<\/p>\n\n\n\n<p>Le <strong>m\u00e9ridien C\u0153ur<\/strong> est le chef d&rsquo;orchestres de notre corps. Il est responsable de la distribution sanguine et dans la symbolique, le berceau de nos \u00e9motions.<\/p>\n\n\n\n<p>Le <strong>m\u00e9ridien Intestin Gr\u00eale<\/strong> est associ\u00e9 \u00e0 l&rsquo;assimilation. Sur le plan physique, l&rsquo;intestin gr\u00eale d\u00e9cide d&rsquo;absorber ou non ce que nous consommons. En quelque sorte il fait le tri entre ce qui est pur ou impur. De m\u00eame sur le plan \u00e9motionnel, c&rsquo;est \u00e0 cet endroit que l&rsquo;on va \u00eatre capable, ou non, d&rsquo;assimiler nos exp\u00e9riences de vie et d&rsquo;en tirer des enseignements pour la suite.<\/p>\n\n\n\n<p>Le <strong>m\u00e9ridien Ma\u00eetre C\u0153ur<\/strong>  est consid\u00e9r\u00e9 en MTC comme le garde du corps personnel du c\u0153ur. J&rsquo;aime \u00e0 l&rsquo;imager comme la membrane qui maintient les diff\u00e9rents parties anatomiques de cet organe. Sur le plan \u00e9motionnel, c&rsquo;est lui qui r\u00e9gule, du mieux qu&rsquo;il peut, les \u00e9motions qui touchent le c\u0153ur.<\/p>\n\n\n\n<p>Le <strong>m\u00e9ridien Triple R\u00e9chauffeur<\/strong> est la symbolique des la bonne coordination et coop\u00e9ration entre les 3 foyers \u00e9nerg\u00e9tiques de notre corps (respiration\/ digestion\/ \u00e9vacuation). Il permet la r\u00e9gulation de notre chaleur corporelle. Sur le plan \u00e9motionnel, cela pourrait \u00eatre cette image quand on se sent align\u00e9.e &#8230;<\/p>\n\n\n\n<p>Le massage Feu offre un moment tonifiant et drainant. <\/p>\n\n\n\n<p><strong>Les mots clefs de ce massage Feu :<\/strong><\/p>\n\n\n\n<ul class=\"wp-block-list\">\n<li>harmonisation de la relation \u00e0 l&rsquo;autre<\/li>\n\n\n\n<li>drainages des zones adipeuses<\/li>\n\n\n\n<li>r\u00e9-\u00e9quilibration de la circulation sanguine<\/li>\n\n\n\n<li>r\u00e9veil de la Joie en Soi<\/li>\n<\/ul>\n\n\n\n<p><\/p>\n\n\n\n<div class=\"wp-block-columns is-layout-flex wp-container-core-columns-is-layout-9d6595d7 wp-block-columns-is-layout-flex\">\n<div class=\"wp-block-column is-layout-flow wp-block-column-is-layout-flow\" style=\"flex-basis:100%\">\n<div class=\"wp-block-columns is-layout-flex wp-container-core-columns-is-layout-9d6595d7 wp-block-columns-is-layout-flex\">\n<div class=\"wp-block-column is-layout-flow wp-block-column-is-layout-flow\">\n<figure class=\"wp-block-image size-full is-resized\"><img loading=\"lazy\" decoding=\"async\" width=\"755\" height=\"755\" src=\"https:\/\/mariedebudt.com\/wp-content\/uploads\/2025\/10\/fleur-docean-icones-air-texte_RVB.jpg\" alt=\"\" class=\"wp-image-438\" style=\"width:253px;height:auto\" srcset=\"https:\/\/mariedebudt.com\/wp-content\/uploads\/2025\/10\/fleur-docean-icones-air-texte_RVB.jpg 755w, https:\/\/mariedebudt.com\/wp-content\/uploads\/2025\/10\/fleur-docean-icones-air-texte_RVB-300x300.jpg 300w, https:\/\/mariedebudt.com\/wp-content\/uploads\/2025\/10\/fleur-docean-icones-air-texte_RVB-150x150.jpg 150w\" sizes=\"auto, (max-width: 755px) 100vw, 755px\" \/><\/figure>\n<\/div>\n\n\n\n<div class=\"wp-block-column is-layout-flow wp-block-column-is-layout-flow\"><\/div>\n<\/div>\n\n\n\n<h3 class=\"wp-block-heading\">Le Massage AIR : la Transition<\/h3>\n\n\n\n<p>En MTC, l&rsquo;\u00e9l\u00e9ment <strong>Air<\/strong> (aussi appel\u00e9 \u00e9l\u00e9ment M\u00e9tal) correspond au moment o\u00f9 le cycle de l&rsquo;\u00e9nergie d\u00e9cline. A l&rsquo;image de la nature o\u00f9 les feuilles tombent des arbres et se d\u00e9composent sur le sol &#8230; en pr\u00e9paration de la vie qui reviendra au printemps. C&rsquo;est donc le cycle id\u00e9al pour l\u00e2cher prise, r\u00e9colter ce qui a \u00e9t\u00e9 sem\u00e9 pour se pr\u00e9parer \u00e0 l&rsquo;Hiver. Quand cet \u00e9l\u00e9ment est en harmonie, nous pouvons ressentir la connexion \u00e0 plus grand que nous en toute confiance et estime de soi.<\/p>\n<\/div>\n<\/div>\n\n\n\n<p>Le <strong>m\u00e9ridien Poumon<\/strong> est en lien avec l&rsquo;estime de soi, notre rapport \u00e0 l&rsquo;ext\u00e9rieur. Il est le filtre de l&rsquo;air qui arrive directement dans notre corps. Il g\u00e8re ainsi notre syst\u00e8me immunitaire et diffuse l&rsquo;\u00e9nergie vitale dans tout notre corps. Sur le plan \u00e9motionnel, il g\u00e8re la tristesse et le chagrin. En \u00e9quilibre, l&rsquo;estime de soi, la confiance nous font aller de l&rsquo;avant. En d\u00e9s\u00e9quilibre, gare \u00e0 la m\u00e9lancolie, l&rsquo;anxi\u00e9t\u00e9 et la d\u00e9pression &#8230;<\/p>\n\n\n\n<p>Le <strong>m\u00e9ridien Gros Intestin<\/strong> est physiquement la derni\u00e8re \u00e9tape de ce que notre corps est pr\u00eat \u00e0 \u00e9vacuer, \u00e0 laisser partir. Il joue ce r\u00f4le \u00e9galement dans le sph\u00e8re \u00e9motionnelle : le d\u00e9s\u00e9quilibre de ce m\u00e9ridien nous pousse \u00e0 rester attach\u00e9 au pass\u00e9, a avoir des difficult\u00e9s \u00e0 pardonner, \u00e0 aller de l&rsquo;avant, \u00e0 nous lib\u00e9rer de l&rsquo;inutile, \u00e0 entasser &#8230;<\/p>\n\n\n\n<p>Le massage Air offre un moment de profond d\u00e9tachement et de vitalit\u00e9.<\/p>\n\n\n\n<p><strong>Les mots clefs de ce massage :<\/strong><\/p>\n\n\n\n<ul class=\"wp-block-list\">\n<li>stimulation du syst\u00e8me immunitaire<\/li>\n\n\n\n<li>lib\u00e9ration \u00e9motionnelle<\/li>\n\n\n\n<li>renforcement des zones ORL<\/li>\n\n\n\n<li>apaisement profond des corps.<\/li>\n<\/ul>\n\n\n\n<div class=\"wp-block-columns is-layout-flex wp-container-core-columns-is-layout-9d6595d7 wp-block-columns-is-layout-flex\">\n<div class=\"wp-block-column is-layout-flow wp-block-column-is-layout-flow\">\n<figure class=\"wp-block-image size-full is-resized\"><img loading=\"lazy\" decoding=\"async\" width=\"755\" height=\"755\" src=\"https:\/\/mariedebudt.com\/wp-content\/uploads\/2025\/10\/fleur-docean-icones-eau-texte_RVB.jpg\" alt=\"\" class=\"wp-image-441\" style=\"width:236px;height:auto\" srcset=\"https:\/\/mariedebudt.com\/wp-content\/uploads\/2025\/10\/fleur-docean-icones-eau-texte_RVB.jpg 755w, https:\/\/mariedebudt.com\/wp-content\/uploads\/2025\/10\/fleur-docean-icones-eau-texte_RVB-300x300.jpg 300w, https:\/\/mariedebudt.com\/wp-content\/uploads\/2025\/10\/fleur-docean-icones-eau-texte_RVB-150x150.jpg 150w\" sizes=\"auto, (max-width: 755px) 100vw, 755px\" \/><\/figure>\n<\/div>\n\n\n\n<div class=\"wp-block-column is-layout-flow wp-block-column-is-layout-flow\"><\/div>\n<\/div>\n\n\n\n<div class=\"wp-block-group is-nowrap is-layout-flex wp-container-core-group-is-layout-ad2f72ca wp-block-group-is-layout-flex\">\n<h3 class=\"wp-block-heading has-text-align-left\">Le Massage EAU : l&rsquo;Introspection<\/h3>\n\n\n\n<p><\/p>\n<\/div>\n\n\n\n<p>En MTC, l&rsquo;Eau est l&rsquo;\u00e9l\u00e9ment associ\u00e9 \u00e0 l&rsquo;hiver. La Nature se replie sur elle m\u00eame, en surface immobile &#8230; L&rsquo;Eau, elle, s&rsquo;infiltre dans les profondeurs de la Terre qu&rsquo;elle rend fertile et forte. Nous sommes donc invit\u00e9.e.s \u00e0 suivre ce rythme naturel et \u00e0 entrer dans nos propres profondeurs, celles de nos \u00e9motions et nous abreuver \u00e0  la source de notre propre Sagesse par l&rsquo;introspection. Sur le plan physique c&rsquo;est par l&rsquo;eau que sont drain\u00e9es les impuret\u00e9s, les toxines et tous les d\u00e9chets liquides de notre corps. Elle joue donc un r\u00f4le majeur dans notre capacit\u00e9 \u00e0 filtrer et donc \u00e0 nous adapter.<\/p>\n\n\n\n<p>Le <strong>m\u00e9ridien<\/strong> <strong>rein <\/strong>est le fil rouge de notre Histoire Personnelle. Dans nos reins se trouve le potentiel de notre \u00e9nergie vitale l\u00e9gu\u00e9e par nos parents. En d\u00e9s\u00e9quilibre, nous serons porteurs des peurs ancestrales, symptomis\u00e9es parfois par l&rsquo;\u00e9tat de nos dents, la qualit\u00e9 de notre audition, l&rsquo;apparition pr\u00e9coce de cheveux blancs &#8230; En \u00e9quilibre nous serons courageux et plein de volont\u00e9 dans les diff\u00e9rents mouvements de la Vie.Les reins apportent le calme au c\u0153ur et la stabilit\u00e9 au mental.<\/p>\n\n\n\n<p>Le <strong>m\u00e9ridien vessie <\/strong>est couvre une grande parti de notre corps. En effet, il commence au coin de l\u2019\u0153il, descend en deux branches le long de notre dos pour terminer son chemin au bord de notre petit orteil. C&rsquo;est dire l&rsquo;importance et l&rsquo;influence de ce m\u00e9ridien. En d\u00e9s\u00e9quilibre, nous allons retrouver, par exemple, des probl\u00e8mes de dos, des difficult\u00e9s \u00e0 prendre sa place au sein de la famille, du groupe, (&#8230;), des probl\u00e8mes dans la sph\u00e8re gyn\u00e9cologique &#8230;<\/p>\n\n\n\n<p>Le massage Eau est donc un moment propice au retour \u00e0 soi, \u00e0 la fin d&rsquo;un cycle, comme pour mieux rena\u00eetre en douceur \u00e0 sa propre Sagesse.<\/p>\n\n\n\n<h4 class=\"wp-block-heading\">Les mots clefs de ce massage EAU<\/h4>\n\n\n\n<ul class=\"wp-block-list\">\n<li>lutter contre les d\u00e9s\u00e9quilibres tels que le r\u00e9tention d&rsquo;eau, la s\u00e9cheresse cutan\u00e9e &#8230;<\/li>\n\n\n\n<li>\u00e9limination des impuret\u00e9s physiques et psychiques<\/li>\n\n\n\n<li>reconnexion \u00e0 soi<\/li>\n\n\n\n<li>booster sa confiance en soi et sa volont\u00e9<\/li>\n<\/ul>\n\n\n\n<figure class=\"wp-block-image size-large\"><img loading=\"lazy\" decoding=\"async\" width=\"1024\" height=\"1024\" src=\"https:\/\/mariedebudt.com\/wp-content\/uploads\/2026\/01\/triple-massage-1024x1024.png\" alt=\"\" class=\"wp-image-462\" srcset=\"https:\/\/mariedebudt.com\/wp-content\/uploads\/2026\/01\/triple-massage-1024x1024.png 1024w, https:\/\/mariedebudt.com\/wp-content\/uploads\/2026\/01\/triple-massage-300x300.png 300w, https:\/\/mariedebudt.com\/wp-content\/uploads\/2026\/01\/triple-massage-150x150.png 150w, https:\/\/mariedebudt.com\/wp-content\/uploads\/2026\/01\/triple-massage-768x768.png 768w, https:\/\/mariedebudt.com\/wp-content\/uploads\/2026\/01\/triple-massage.png 1080w\" sizes=\"auto, (max-width: 1024px) 100vw, 1024px\" \/><\/figure>\n\n\n\n<figure class=\"wp-block-image size-full is-style-default\"><img loading=\"lazy\" decoding=\"async\" width=\"940\" height=\"788\" src=\"https:\/\/mariedebudt.com\/wp-content\/uploads\/2026\/01\/saison-2026.png\" alt=\"\" class=\"wp-image-457\" srcset=\"https:\/\/mariedebudt.com\/wp-content\/uploads\/2026\/01\/saison-2026.png 940w, https:\/\/mariedebudt.com\/wp-content\/uploads\/2026\/01\/saison-2026-300x251.png 300w, https:\/\/mariedebudt.com\/wp-content\/uploads\/2026\/01\/saison-2026-768x644.png 768w\" sizes=\"auto, (max-width: 940px) 100vw, 940px\" \/><\/figure>\n","protected":false},"excerpt":{"rendered":"<p>selon les principes de la M\u00e9decine Traditionnelle Chinoise (MTC) Il me tenait \u00e0 c\u0153ur de pouvoir vous accompagner tout au long de l&rsquo;ann\u00e9e sans pour autant \u00eatre toujours en train &hellip; <\/p>\n","protected":false},"author":1,"featured_media":0,"parent":0,"menu_order":0,"comment_status":"closed","ping_status":"closed","template":"","meta":{"footnotes":""},"class_list":["post-413","page","type-page","status-publish","hentry"],"_links":{"self":[{"href":"https:\/\/mariedebudt.com\/index.php?rest_route=\/wp\/v2\/pages\/413","targetHints":{"allow":["GET"]}}],"collection":[{"href":"https:\/\/mariedebudt.com\/index.php?rest_route=\/wp\/v2\/pages"}],"about":[{"href":"https:\/\/mariedebudt.com\/index.php?rest_route=\/wp\/v2\/types\/page"}],"author":[{"embeddable":true,"href":"https:\/\/mariedebudt.com\/index.php?rest_route=\/wp\/v2\/users\/1"}],"replies":[{"embeddable":true,"href":"https:\/\/mariedebudt.com\/index.php?rest_route=%2Fwp%2Fv2%2Fcomments&post=413"}],"version-history":[{"count":8,"href":"https:\/\/mariedebudt.com\/index.php?rest_route=\/wp\/v2\/pages\/413\/revisions"}],"predecessor-version":[{"id":463,"href":"https:\/\/mariedebudt.com\/index.php?rest_route=\/wp\/v2\/pages\/413\/revisions\/463"}],"wp:attachment":[{"href":"https:\/\/mariedebudt.com\/index.php?rest_route=%2Fwp%2Fv2%2Fmedia&parent=413"}],"curies":[{"name":"wp","href":"https:\/\/api.w.org\/{rel}","templated":true}]}}