{"id":40,"date":"2021-05-25T14:41:10","date_gmt":"2021-05-25T12:41:10","guid":{"rendered":"http:\/\/mariedebudt.com\/?page_id=40"},"modified":"2026-01-25T18:40:54","modified_gmt":"2026-01-25T17:40:54","slug":"prestations","status":"publish","type":"page","link":"https:\/\/mariedebudt.com\/?page_id=40","title":{"rendered":"Les Tarifs"},"content":{"rendered":"\n<figure class=\"wp-block-image size-full\"><img loading=\"lazy\" decoding=\"async\" width=\"940\" height=\"788\" src=\"https:\/\/mariedebudt.com\/wp-content\/uploads\/2026\/01\/tarif-2026.png\" alt=\"\" class=\"wp-image-454\" srcset=\"https:\/\/mariedebudt.com\/wp-content\/uploads\/2026\/01\/tarif-2026.png 940w, https:\/\/mariedebudt.com\/wp-content\/uploads\/2026\/01\/tarif-2026-300x251.png 300w, https:\/\/mariedebudt.com\/wp-content\/uploads\/2026\/01\/tarif-2026-768x644.png 768w\" sizes=\"auto, (max-width: 940px) 100vw, 940px\" \/><\/figure>\n\n\n\n<h2 class=\"wp-block-heading\">Forfait Famille                                                                               160\u20ac<\/h2>\n\n\n\n<p>Lorsque vous emmenez votre enfant consulter un.e kin\u00e9siologue, il est important de comprendre que dans la majorit\u00e9 des cas, votre enfant porte des stress traumatiques dont il a h\u00e9rit\u00e9 de vous, ses parents. Cela est tout \u00e0 fait humain. Il me para\u00eet alors int\u00e9ressant de pouvoir compl\u00e9ter les effets de sa s\u00e9ance avec un accompagnement sur le parent qui entre le plus en r\u00e9sonance, voire sur les deux parents.<\/p>\n\n\n\n<p>Un exemple assez commun peut \u00eatre :<\/p>\n\n\n\n<p>Mon enfant a peur des chiens et pourtant il n&rsquo;a jamais eu de traumatisme avec eux. En utilisant les m\u00e9thodes de kin\u00e9siologie, on se rend compte que l&rsquo;un des parents, a lui \u00e9t\u00e9 mordu par un chien dans son pass\u00e9. L&rsquo;enfant a h\u00e9rit\u00e9 du stress traumatique &#8230;<\/p>\n\n\n\n<p><\/p>\n\n\n\n<p>C&rsquo;est pourquoi je propose le forfait famille en 3 s\u00e9ances :<\/p>\n\n\n\n<ul class=\"wp-block-list\">\n<li>2 s\u00e9ances enfant + 1 s\u00e9ance parent (le plus concern\u00e9 par la probl\u00e9matique)<\/li>\n\n\n\n<li>1 s\u00e9ance enfant + 2 s\u00e9ances avec le m\u00eame parent (le plus concern\u00e9 par la probl\u00e9matique)<\/li>\n\n\n\n<li>1 s\u00e9ance enfant + 1 s\u00e9ance m\u00e8re + 1 s\u00e9ance p\u00e8re<\/li>\n<\/ul>\n\n\n\n<p><\/p>\n\n\n\n<h2 class=\"wp-block-heading\">Le Triple Massage                                                                          150\u20ac<\/h2>\n\n\n\n<figure class=\"wp-block-image size-large\"><img loading=\"lazy\" decoding=\"async\" width=\"1024\" height=\"1024\" src=\"https:\/\/mariedebudt.com\/wp-content\/uploads\/2025\/10\/triplemassage-1024x1024.png\" alt=\"\" class=\"wp-image-447\" srcset=\"https:\/\/mariedebudt.com\/wp-content\/uploads\/2025\/10\/triplemassage-1024x1024.png 1024w, https:\/\/mariedebudt.com\/wp-content\/uploads\/2025\/10\/triplemassage-300x300.png 300w, https:\/\/mariedebudt.com\/wp-content\/uploads\/2025\/10\/triplemassage-150x150.png 150w, https:\/\/mariedebudt.com\/wp-content\/uploads\/2025\/10\/triplemassage-768x768.png 768w, https:\/\/mariedebudt.com\/wp-content\/uploads\/2025\/10\/triplemassage.png 1080w\" sizes=\"auto, (max-width: 1024px) 100vw, 1024px\" \/><\/figure>\n\n\n\n<p><\/p>\n\n\n\n<p><\/p>\n","protected":false},"excerpt":{"rendered":"<p>Forfait Famille 160\u20ac Lorsque vous emmenez votre enfant consulter un.e kin\u00e9siologue, il est important de comprendre que dans la majorit\u00e9 des cas, votre enfant porte des stress traumatiques dont il &hellip; <\/p>\n","protected":false},"author":1,"featured_media":0,"parent":0,"menu_order":0,"comment_status":"closed","ping_status":"closed","template":"","meta":{"footnotes":""},"class_list":["post-40","page","type-page","status-publish","hentry"],"_links":{"self":[{"href":"https:\/\/mariedebudt.com\/index.php?rest_route=\/wp\/v2\/pages\/40","targetHints":{"allow":["GET"]}}],"collection":[{"href":"https:\/\/mariedebudt.com\/index.php?rest_route=\/wp\/v2\/pages"}],"about":[{"href":"https:\/\/mariedebudt.com\/index.php?rest_route=\/wp\/v2\/types\/page"}],"author":[{"embeddable":true,"href":"https:\/\/mariedebudt.com\/index.php?rest_route=\/wp\/v2\/users\/1"}],"replies":[{"embeddable":true,"href":"https:\/\/mariedebudt.com\/index.php?rest_route=%2Fwp%2Fv2%2Fcomments&post=40"}],"version-history":[{"count":15,"href":"https:\/\/mariedebudt.com\/index.php?rest_route=\/wp\/v2\/pages\/40\/revisions"}],"predecessor-version":[{"id":456,"href":"https:\/\/mariedebudt.com\/index.php?rest_route=\/wp\/v2\/pages\/40\/revisions\/456"}],"wp:attachment":[{"href":"https:\/\/mariedebudt.com\/index.php?rest_route=%2Fwp%2Fv2%2Fmedia&parent=40"}],"curies":[{"name":"wp","href":"https:\/\/api.w.org\/{rel}","templated":true}]}}