{"id":395,"date":"2024-11-28T14:36:14","date_gmt":"2024-11-28T13:36:14","guid":{"rendered":"https:\/\/mariedebudt.com\/?page_id=395"},"modified":"2024-12-03T12:38:05","modified_gmt":"2024-12-03T11:38:05","slug":"mon-actualite","status":"publish","type":"page","link":"https:\/\/mariedebudt.com\/?page_id=395","title":{"rendered":"Mon Actualit\u00e9"},"content":{"rendered":"\n<p>Samedi 14 d\u00e9cembre 2024<\/p>\n\n\n\n<p>14h00 &#8211; 17h00 \u00e0 Belfort<\/p>\n\n\n\n<p>C&rsquo;est avec une grande joie que je vous propose ce stage sur Belfort.<br>Il y sera question de notre sensibilit\u00e9,<br>d&rsquo;en comprendre les m\u00e9canismes<br>et surtout du potentiel qu&rsquo;elle peut g\u00e9n\u00e9rer lorsqu&rsquo;elle est ma\u00eetris\u00e9e.Pour ce stage, je vous ai concoct\u00e9 un programme intensif afin que vous puissiez repartir plus l\u00e9ger.e.s avec une meilleure appr\u00e9hension de votre sensibilit\u00e9 et des outils concrets applicables au quotidien.En provenance directe de ma bo\u00eete \u00e0 outils th\u00e9rapeutique :<br>* de la kin\u00e9siologie,<br>* un cercle de paroles,<br>* de la m\u00e9ditation guid\u00e9e,<br>* de l&rsquo;exp\u00e9rimentation sensorielle.<\/p>\n\n\n\n<p>Ce stage est ouvert \u00e0 tout.e \u00e2me sensible, sans pr\u00e9-requis.<br>(c&rsquo;est l\u00e0 que je pr\u00e9cise quand m\u00eame que le lieu se situe au premier \u00e9tage sans ascenseur )<\/p>\n\n\n\n<p>Je reste \u00e0 votre \u00e9coute pour tout renseignement compl\u00e9mentaire <\/p>\n\n\n\n<p>Au plaisir de partager avec vous ce moment qui s&rsquo;annonce riche d&rsquo;\u00e9motions pour notre plus grand bien <\/p>\n\n\n\n<p>Marie De Budt,<br>Kin\u00e9siologue certifi\u00e9e.<\/p>\n\n\n\n<p>Inscription obligatoire au 06 52 44 48 03<br>30\u20ac par personne<br>groupe limit\u00e9 \u00e0 10 participant.e.s<\/p>\n\n\n\n<p><\/p>\n\n\n\n<p>Retrouvez moi sur Facebook<\/p>\n\n\n\n<p><a href=\"https:\/\/fb.watch\/weEY8LFYz0\/\">https:\/\/fb.watch\/weEY8LFYz0\/<\/a><\/p>\n\n\n\n<figure class=\"wp-block-image size-large\"><img loading=\"lazy\" decoding=\"async\" width=\"819\" height=\"1024\" src=\"https:\/\/mariedebudt.com\/wp-content\/uploads\/2024\/12\/468335148_610524434647773_1531629180779949217_n-819x1024.jpg\" alt=\"\" class=\"wp-image-403\" srcset=\"https:\/\/mariedebudt.com\/wp-content\/uploads\/2024\/12\/468335148_610524434647773_1531629180779949217_n-819x1024.jpg 819w, https:\/\/mariedebudt.com\/wp-content\/uploads\/2024\/12\/468335148_610524434647773_1531629180779949217_n-240x300.jpg 240w, https:\/\/mariedebudt.com\/wp-content\/uploads\/2024\/12\/468335148_610524434647773_1531629180779949217_n-768x960.jpg 768w, https:\/\/mariedebudt.com\/wp-content\/uploads\/2024\/12\/468335148_610524434647773_1531629180779949217_n-1229x1536.jpg 1229w, https:\/\/mariedebudt.com\/wp-content\/uploads\/2024\/12\/468335148_610524434647773_1531629180779949217_n-48x60.jpg 48w, https:\/\/mariedebudt.com\/wp-content\/uploads\/2024\/12\/468335148_610524434647773_1531629180779949217_n.jpg 1440w\" sizes=\"auto, (max-width: 819px) 100vw, 819px\" \/><\/figure>\n\n\n\n<p><\/p>\n","protected":false},"excerpt":{"rendered":"<p>Samedi 14 d\u00e9cembre 2024 14h00 &#8211; 17h00 \u00e0 Belfort C&rsquo;est avec une grande joie que je vous propose ce stage sur Belfort.Il y sera question de notre sensibilit\u00e9,d&rsquo;en comprendre les &hellip; <\/p>\n","protected":false},"author":1,"featured_media":0,"parent":0,"menu_order":0,"comment_status":"closed","ping_status":"closed","template":"","meta":{"footnotes":""},"class_list":["post-395","page","type-page","status-publish","hentry"],"_links":{"self":[{"href":"https:\/\/mariedebudt.com\/index.php?rest_route=\/wp\/v2\/pages\/395","targetHints":{"allow":["GET"]}}],"collection":[{"href":"https:\/\/mariedebudt.com\/index.php?rest_route=\/wp\/v2\/pages"}],"about":[{"href":"https:\/\/mariedebudt.com\/index.php?rest_route=\/wp\/v2\/types\/page"}],"author":[{"embeddable":true,"href":"https:\/\/mariedebudt.com\/index.php?rest_route=\/wp\/v2\/users\/1"}],"replies":[{"embeddable":true,"href":"https:\/\/mariedebudt.com\/index.php?rest_route=%2Fwp%2Fv2%2Fcomments&post=395"}],"version-history":[{"count":4,"href":"https:\/\/mariedebudt.com\/index.php?rest_route=\/wp\/v2\/pages\/395\/revisions"}],"predecessor-version":[{"id":445,"href":"https:\/\/mariedebudt.com\/index.php?rest_route=\/wp\/v2\/pages\/395\/revisions\/445"}],"wp:attachment":[{"href":"https:\/\/mariedebudt.com\/index.php?rest_route=%2Fwp%2Fv2%2Fmedia&parent=395"}],"curies":[{"name":"wp","href":"https:\/\/api.w.org\/{rel}","templated":true}]}}