{"id":37,"date":"2021-05-25T14:41:10","date_gmt":"2021-05-25T12:41:10","guid":{"rendered":"http:\/\/mariedebudt.com\/?page_id=37"},"modified":"2026-01-25T18:43:54","modified_gmt":"2026-01-25T17:43:54","slug":"accueil","status":"publish","type":"page","link":"https:\/\/mariedebudt.com\/","title":{"rendered":"Accueil"},"content":{"rendered":"<div class=\"wp-block-image is-resized is-style-rounded\">\n<figure class=\"aligncenter size-large\"><img loading=\"lazy\" decoding=\"async\" width=\"1024\" height=\"540\" src=\"https:\/\/mariedebudt.com\/wp-content\/uploads\/2022\/03\/bcf305b9eef3e173d52095a9d7ba6c80-1-e1647255348726-1024x540.jpeg\" alt=\"\" class=\"wp-image-161\" srcset=\"https:\/\/mariedebudt.com\/wp-content\/uploads\/2022\/03\/bcf305b9eef3e173d52095a9d7ba6c80-1-e1647255348726-1024x540.jpeg 1024w, https:\/\/mariedebudt.com\/wp-content\/uploads\/2022\/03\/bcf305b9eef3e173d52095a9d7ba6c80-1-e1647255348726-300x158.jpeg 300w, https:\/\/mariedebudt.com\/wp-content\/uploads\/2022\/03\/bcf305b9eef3e173d52095a9d7ba6c80-1-e1647255348726-768x405.jpeg 768w, https:\/\/mariedebudt.com\/wp-content\/uploads\/2022\/03\/bcf305b9eef3e173d52095a9d7ba6c80-1-e1647255348726-1536x810.jpeg 1536w, https:\/\/mariedebudt.com\/wp-content\/uploads\/2022\/03\/bcf305b9eef3e173d52095a9d7ba6c80-1-e1647255348726-114x60.jpeg 114w, https:\/\/mariedebudt.com\/wp-content\/uploads\/2022\/03\/bcf305b9eef3e173d52095a9d7ba6c80-1-e1647255348726.jpeg 1920w\" sizes=\"auto, (max-width: 1024px) 100vw, 1024px\" \/><\/figure>\n<\/div>\n\n\n<h2 class=\"wp-block-heading has-text-align-center\">Le jour o\u00f9 j&rsquo;ai pris le chemin vers moi-m\u00eame a chang\u00e9 ma Vie<\/h2>\n\n\n\n<p class=\"has-text-align-center\">Consulter un.e Kin\u00e9siologue permet de mieux faire face \u00e0 ses \u00e9motions et de mieux g\u00e9rer son stress au quotidien.<\/p>\n\n\n\n<p class=\"has-text-align-center\"> Le recours \u00e0 la Kin\u00e9siologie peut donc aider \u00e0 surmonter les \u00e9v\u00e9nements difficiles de la vie et \u00e0 prendre conscience de ses ressources et de son potentiel.<\/p>\n\n\n\n<p class=\"has-text-align-center\"> En kin\u00e9siologie, les stress sont des d\u00e9s\u00e9quilibres \u00e9nerg\u00e9tiques qui s\u2019expriment en r\u00e9actions physiques, physiologiques et psychiques.<\/p>\n\n\n\n<figure class=\"wp-block-embed is-type-video is-provider-youtube wp-block-embed-youtube wp-embed-aspect-16-9 wp-has-aspect-ratio\"><div class=\"wp-block-embed__wrapper\">\n<iframe loading=\"lazy\" title=\"20240507 Kin\u00e9siologie Marie   Teaser vertical\" width=\"767\" height=\"431\" src=\"https:\/\/www.youtube.com\/embed\/gnCfIGyAQF8?feature=oembed\" frameborder=\"0\" allow=\"accelerometer; autoplay; clipboard-write; encrypted-media; gyroscope; picture-in-picture; web-share\" referrerpolicy=\"strict-origin-when-cross-origin\" allowfullscreen><\/iframe>\n<\/div><\/figure>\n\n\n\n<p><\/p>\n\n\n\n<p><\/p>\n\n\n\n<figure class=\"wp-block-image size-large\"><img loading=\"lazy\" decoding=\"async\" width=\"1024\" height=\"1024\" src=\"https:\/\/mariedebudt.com\/wp-content\/uploads\/2025\/10\/marie-1024x1024.png\" alt=\"\" class=\"wp-image-449\" srcset=\"https:\/\/mariedebudt.com\/wp-content\/uploads\/2025\/10\/marie-1024x1024.png 1024w, https:\/\/mariedebudt.com\/wp-content\/uploads\/2025\/10\/marie-300x300.png 300w, https:\/\/mariedebudt.com\/wp-content\/uploads\/2025\/10\/marie-150x150.png 150w, https:\/\/mariedebudt.com\/wp-content\/uploads\/2025\/10\/marie-768x768.png 768w, https:\/\/mariedebudt.com\/wp-content\/uploads\/2025\/10\/marie.png 1080w\" sizes=\"auto, (max-width: 1024px) 100vw, 1024px\" \/><\/figure>\n\n\n\n<p><\/p>\n\n\n\n<p><\/p>\n\n\n\n<p><\/p>\n\n\n\n<figure class=\"wp-block-image size-large\"><img loading=\"lazy\" decoding=\"async\" width=\"1024\" height=\"1024\" src=\"https:\/\/mariedebudt.com\/wp-content\/uploads\/2025\/10\/debudt-1024x1024.png\" alt=\"\" class=\"wp-image-451\" srcset=\"https:\/\/mariedebudt.com\/wp-content\/uploads\/2025\/10\/debudt-1024x1024.png 1024w, https:\/\/mariedebudt.com\/wp-content\/uploads\/2025\/10\/debudt-300x300.png 300w, https:\/\/mariedebudt.com\/wp-content\/uploads\/2025\/10\/debudt-150x150.png 150w, https:\/\/mariedebudt.com\/wp-content\/uploads\/2025\/10\/debudt-768x768.png 768w, https:\/\/mariedebudt.com\/wp-content\/uploads\/2025\/10\/debudt.png 1080w\" sizes=\"auto, (max-width: 1024px) 100vw, 1024px\" \/><\/figure>\n\n\n\n<p><\/p>\n\n\n\n<p><\/p>\n\n\n\n<p><\/p>\n\n\n\n<figure class=\"wp-block-image size-large\"><img loading=\"lazy\" decoding=\"async\" width=\"724\" height=\"1024\" src=\"https:\/\/mariedebudt.com\/wp-content\/uploads\/2025\/02\/NOUVEAU-724x1024.png\" alt=\"\" class=\"wp-image-422\" srcset=\"https:\/\/mariedebudt.com\/wp-content\/uploads\/2025\/02\/NOUVEAU-724x1024.png 724w, https:\/\/mariedebudt.com\/wp-content\/uploads\/2025\/02\/NOUVEAU-212x300.png 212w, https:\/\/mariedebudt.com\/wp-content\/uploads\/2025\/02\/NOUVEAU-768x1086.png 768w, https:\/\/mariedebudt.com\/wp-content\/uploads\/2025\/02\/NOUVEAU-1086x1536.png 1086w, https:\/\/mariedebudt.com\/wp-content\/uploads\/2025\/02\/NOUVEAU-42x60.png 42w, https:\/\/mariedebudt.com\/wp-content\/uploads\/2025\/02\/NOUVEAU.png 1414w\" sizes=\"auto, (max-width: 724px) 100vw, 724px\" \/><\/figure>\n","protected":false},"excerpt":{"rendered":"<p>Le jour o\u00f9 j&rsquo;ai pris le chemin vers moi-m\u00eame a chang\u00e9 ma Vie Consulter un.e Kin\u00e9siologue permet de mieux faire face \u00e0 ses \u00e9motions et de mieux g\u00e9rer son stress &hellip; <\/p>\n","protected":false},"author":1,"featured_media":0,"parent":0,"menu_order":0,"comment_status":"closed","ping_status":"closed","template":"","meta":{"footnotes":""},"class_list":["post-37","page","type-page","status-publish","hentry"],"_links":{"self":[{"href":"https:\/\/mariedebudt.com\/index.php?rest_route=\/wp\/v2\/pages\/37","targetHints":{"allow":["GET"]}}],"collection":[{"href":"https:\/\/mariedebudt.com\/index.php?rest_route=\/wp\/v2\/pages"}],"about":[{"href":"https:\/\/mariedebudt.com\/index.php?rest_route=\/wp\/v2\/types\/page"}],"author":[{"embeddable":true,"href":"https:\/\/mariedebudt.com\/index.php?rest_route=\/wp\/v2\/users\/1"}],"replies":[{"embeddable":true,"href":"https:\/\/mariedebudt.com\/index.php?rest_route=%2Fwp%2Fv2%2Fcomments&post=37"}],"version-history":[{"count":23,"href":"https:\/\/mariedebudt.com\/index.php?rest_route=\/wp\/v2\/pages\/37\/revisions"}],"predecessor-version":[{"id":460,"href":"https:\/\/mariedebudt.com\/index.php?rest_route=\/wp\/v2\/pages\/37\/revisions\/460"}],"wp:attachment":[{"href":"https:\/\/mariedebudt.com\/index.php?rest_route=%2Fwp%2Fv2%2Fmedia&parent=37"}],"curies":[{"name":"wp","href":"https:\/\/api.w.org\/{rel}","templated":true}]}}