{"id":206,"date":"2022-03-28T14:17:41","date_gmt":"2022-03-28T12:17:41","guid":{"rendered":"http:\/\/mariedebudt.com\/?page_id=206"},"modified":"2024-05-23T13:56:22","modified_gmt":"2024-05-23T11:56:22","slug":"qui-suis-je","status":"publish","type":"page","link":"https:\/\/mariedebudt.com\/?page_id=206","title":{"rendered":"Qui suis-je ?"},"content":{"rendered":"\n<div class=\"wp-block-image is-style-rounded\"><figure class=\"alignleft size-medium\"><img loading=\"lazy\" decoding=\"async\" width=\"300\" height=\"300\" src=\"https:\/\/mariedebudt.com\/wp-content\/uploads\/2022\/03\/portrait-marie-edited-300x300.jpg\" alt=\"\" class=\"wp-image-237\" srcset=\"https:\/\/mariedebudt.com\/wp-content\/uploads\/2022\/03\/portrait-marie-edited-300x300.jpg 300w, https:\/\/mariedebudt.com\/wp-content\/uploads\/2022\/03\/portrait-marie-edited-1024x1024.jpg 1024w, https:\/\/mariedebudt.com\/wp-content\/uploads\/2022\/03\/portrait-marie-edited-150x150.jpg 150w, https:\/\/mariedebudt.com\/wp-content\/uploads\/2022\/03\/portrait-marie-edited-768x768.jpg 768w, https:\/\/mariedebudt.com\/wp-content\/uploads\/2022\/03\/portrait-marie-edited-1536x1536.jpg 1536w, https:\/\/mariedebudt.com\/wp-content\/uploads\/2022\/03\/portrait-marie-edited-60x60.jpg 60w, https:\/\/mariedebudt.com\/wp-content\/uploads\/2022\/03\/portrait-marie-edited-rotated.jpg 1932w\" sizes=\"auto, (max-width: 300px) 100vw, 300px\" \/><\/figure><\/div>\n\n\n\n<p><\/p>\n\n\n\n<p><\/p>\n\n\n\n<p><\/p>\n\n\n\n<p><\/p>\n\n\n\n<p><\/p>\n\n\n\n<p><\/p>\n\n\n\n<p><\/p>\n\n\n\n<p>Enfant tr\u00e8s sociable, curieuse et touche \u00e0 tout, j&rsquo;ai grandi au bord de l&rsquo;eau, en Normandie plus pr\u00e9cis\u00e9ment. Je passais beaucoup de temps en pleine nature, dehors \u00e0 la plage, \u00e0 la p\u00e8che, dans la for\u00eat \u00e0 faire des cabanes, faire de la randonn\u00e9e &#8230; El\u00e8ve studieuse : je voulais apprendre, comprendre, exp\u00e9rimenter le Monde. Active, je pratiquais des sports collectifs. J&rsquo;aimais d\u00e9j\u00e0 la vie de groupe, avancer en \u00e9quipe. M\u00eame si ce n&rsquo;\u00e9tait pas toujours \u00e9vident pour la petite fille que j&rsquo;\u00e9tais &#8230; je me sentais parfois \u00e0 part &#8230; submerg\u00e9e par tellement d&rsquo;\u00e9motions contradictoires &#8230; J&rsquo;aimais profond\u00e9ment \u00eatre avec les autres mais je ne trouvais pas aussi simplement ma place. Il me fallait comprendre quelque chose qui m&rsquo;\u00e9chappait encore &#8230;<\/p>\n\n\n\n<p>Alors \u00e0 commencer ma qu\u00eate de compr\u00e9hension de la psych\u00e9. J&rsquo;ai d\u00e9but\u00e9 ma vie d&rsquo;adulte en me formant aux Sciences Humaines. Sociologie, psychologie, linguistique et philosophie qui se m\u00ealent et s\u2019entrem\u00ealent.<\/p>\n\n\n\n<p>Dipl\u00f4me en poche, j&rsquo;ai voyag\u00e9 \u00e0 travers le monde, partant \u00e0 la d\u00e9couverte de cultures diff\u00e9rentes. En chemin, j&rsquo;ai fond\u00e9 ma famille. Cela m&rsquo;a pris du temps. J&rsquo;ai eu mon lot d&rsquo;\u00e9preuves dans cette qu\u00eate de maternit\u00e9. Des maux que je comprendrais plus tard &#8230;<\/p>\n\n\n\n<p>Un passage de quelques ann\u00e9es en tant qu&rsquo;assistante d&rsquo;\u00e9ducation dans un coll\u00e8ge m&rsquo;a permis de d\u00e9couvrir l&rsquo;Education Nationale de l&rsquo;int\u00e9rieur. En postulant, j&rsquo;avais int\u00e9gr\u00e9 la partie administrative du job mais je n&rsquo;\u00e9tais pas pr\u00eate \u00e9motionnellement, pas pr\u00eate du tout, \u00e0 rencontrer tous ces ados en col\u00e8re. Cela faisait plus de dix ans que je travaillais dans l&rsquo;animation. Na\u00efvement je pensais que je ferais un copier-coller de ce que je savais vivre en extrascolaire et hop, tout le monde est heureux d&rsquo;\u00eatre \u00e0 l&rsquo;\u00e9cole. J&rsquo;apprenais \u00e0 mes d\u00e9pends que ce lieu de vie peut \u00eatre assimil\u00e9 \u00e0 une tornade \u00e9motionnelle permanente.  Pour canaliser toutes ces tensions, je r\u00e9pondais dans le m\u00eame \u00e9tat d&rsquo;esprit, en col\u00e8re, et ce n&rsquo;\u00e9tait pas satisfaisant du tout. Il me fallait l\u00e0 aussi apprendre quelque chose qui m&rsquo;\u00e9chappait encore&#8230;<\/p>\n\n\n\n<p>Je me souvenais que cette p\u00e9riode n&rsquo;avait pas \u00e9t\u00e9 des plus agr\u00e9ables pour moi non plus quand j&rsquo;avais cet \u00e2ge-l\u00e0. Je me suis replong\u00e9e dans la psychologie de l&rsquo;ado (surtout que j&rsquo;en avais aussi \u00e0 la maison&#8230;) et j&rsquo;ai commenc\u00e9 \u00e0 appliquer des m\u00e9thodes modernes d&rsquo;\u00e9ducation positive, de communication non violente, \u00e0 parler \u00e9motions avec eux. Il m&rsquo;a fallu du temps. Cependant mes exp\u00e9rimentations ont port\u00e9 leur fruit. Je suis reconnaissante de la relation de respect que nous avons pu vivre, ensemble, malgr\u00e9 tout ce fracas \u00e9motionnel dans lequel certains vivaient. Quand je les croise , maintenant, plusieurs ann\u00e9es plus tard, je les remercie de ce qu&rsquo;ils m&rsquo;ont fait grandir. Ils m&rsquo;ont permis de revisiter l&rsquo;adolescente timide, complex\u00e9e et en col\u00e8re que j\u2019\u00e9tais.<\/p>\n\n\n\n<p>En parall\u00e8le, rattrap\u00e9e aussi par les \u00e9preuves de la Vie dans ma sph\u00e8re priv\u00e9e, j&rsquo;ai \u00e9t\u00e9 amen\u00e9e \u00e0 d\u00e9buter un travail de d\u00e9veloppement personnel. En profondeur cette fois. Une esp\u00e8ce de message qui aurait pu dire \u00a0\u00bb c&rsquo;est bien beau toutes ces th\u00e9ories apprises, maintenant tu vas les exp\u00e9rimenter et mettre en place ta propre th\u00e9rapie\u00a0\u00bb. J&rsquo;ai consult\u00e9 des psychologues, des th\u00e9rapeutes. J&rsquo;ai d\u00e9couvert des m\u00e9thodes dites alternatives \u00e0 la m\u00e9decine moderne.<\/p>\n\n\n\n<p>Je me suis form\u00e9e en Energie Universelle et LaHoChi, deux m\u00e9thodes de magn\u00e9tisme faisant appel \u00e0 l&rsquo;apposition des mains pour faire circuler l&rsquo;\u00e9nergie dans le corps.<\/p>\n\n\n\n<p>J&rsquo;ai \u00e9galement tout un chemin d&rsquo;initiations dans ce que je nomme le Chamanisme Moderne. L\u00e0 encore ce besoin de comprendre, de rencontrer une autre approche de la psych\u00e9 humaine. Car quoi qu&rsquo;on en pense depuis le regard de notre soci\u00e9t\u00e9, pour de nombreuses tribus tribales, cette pratique est leur \u00e9quivalent de nos th\u00e9rapeutes. <\/p>\n\n\n\n<p>Et puis apr\u00e8s tous ces voyages, j&rsquo;ai ressenti le besoin de revenir encore plus au corps, \u00e0 mon corps. Je ne le savais pas encore : la kin\u00e9siologie faisait son entr\u00e9e dans mon existence. <\/p>\n\n\n\n<p>J&rsquo;ai trouv\u00e9 cette technique th\u00e9rapeutique tellement surprenante de par sa simplicit\u00e9, son efficacit\u00e9 et surtout son \u00e9coute du rythme du corps, de son histoire. La lib\u00e9ration qu&rsquo;elle procure face \u00e0 des traumatismes stressants que l&rsquo;on porte parfois sur plusieurs g\u00e9n\u00e9rations !! Je r\u00e9alisais enfin les changements dans ma vie. Les prises de consciences s&rsquo;accompagnaient de ressentis concrets notamment dans la gestion de mes \u00e9motions, hypersensible que je suis.<\/p>\n\n\n\n<p>J&rsquo;ai donc repris le chemin de l&rsquo;\u00e9cole, Eki-Vie dans mon cas, pour me former \u00e0 la Kin\u00e9siologie. Un peu plus de deux ans, plus de 600h \u00e0 tester, int\u00e9grer, supporter pr\u00e8s de 300 \u00e9quilibrations diff\u00e9rentes. Il fallait bien tout \u00e7a pour me pr\u00e9parer \u00e0 vous accompagner sereinement et faire du tri aussi en moi, lib\u00e9rer ce qui me freiner pour \u00eatre vraiment moi. A l\u2019issue de cette formation intense : la certification. Cette validation de mes comp\u00e9tences \u00e0 accompagner chaque personne le d\u00e9sirant sur son chemin personnel de d\u00e9veloppement et de red\u00e9couverte de Soi sur les plans physiques, \u00e9motionnels, psychiques et \u00e9nerg\u00e9tiques.<\/p>\n\n\n\n<p>Une belle et longue Aventure que d&rsquo;aller vers Soi !!!<\/p>\n\n\n\n<p>Marie.<\/p>\n\n\n\n<hr class=\"wp-block-separator\"\/>\n\n\n\n<h4 class=\"wp-block-heading\">Ma Formation<\/h4>\n\n\n\n<figure class=\"wp-block-image size-full\"><img loading=\"lazy\" decoding=\"async\" width=\"133\" height=\"49\" src=\"https:\/\/mariedebudt.com\/wp-content\/uploads\/2022\/03\/logo-header.jpg\" alt=\"\" class=\"wp-image-211\"\/><figcaption>Ecole de kin\u00e9siologie certifi\u00e9e<\/figcaption><\/figure>\n\n\n\n<p><\/p>\n","protected":false},"excerpt":{"rendered":"<p>Enfant tr\u00e8s sociable, curieuse et touche \u00e0 tout, j&rsquo;ai grandi au bord de l&rsquo;eau, en Normandie plus pr\u00e9cis\u00e9ment. Je passais beaucoup de temps en pleine nature, dehors \u00e0 la plage, &hellip; <\/p>\n","protected":false},"author":1,"featured_media":0,"parent":0,"menu_order":0,"comment_status":"closed","ping_status":"closed","template":"","meta":{"footnotes":""},"class_list":["post-206","page","type-page","status-publish","hentry"],"_links":{"self":[{"href":"https:\/\/mariedebudt.com\/index.php?rest_route=\/wp\/v2\/pages\/206","targetHints":{"allow":["GET"]}}],"collection":[{"href":"https:\/\/mariedebudt.com\/index.php?rest_route=\/wp\/v2\/pages"}],"about":[{"href":"https:\/\/mariedebudt.com\/index.php?rest_route=\/wp\/v2\/types\/page"}],"author":[{"embeddable":true,"href":"https:\/\/mariedebudt.com\/index.php?rest_route=\/wp\/v2\/users\/1"}],"replies":[{"embeddable":true,"href":"https:\/\/mariedebudt.com\/index.php?rest_route=%2Fwp%2Fv2%2Fcomments&post=206"}],"version-history":[{"count":11,"href":"https:\/\/mariedebudt.com\/index.php?rest_route=\/wp\/v2\/pages\/206\/revisions"}],"predecessor-version":[{"id":389,"href":"https:\/\/mariedebudt.com\/index.php?rest_route=\/wp\/v2\/pages\/206\/revisions\/389"}],"wp:attachment":[{"href":"https:\/\/mariedebudt.com\/index.php?rest_route=%2Fwp%2Fv2%2Fmedia&parent=206"}],"curies":[{"name":"wp","href":"https:\/\/api.w.org\/{rel}","templated":true}]}}